{"id":13,"date":"2023-12-20T10:42:56","date_gmt":"2023-12-20T09:42:56","guid":{"rendered":"https:\/\/scnb.bc.cas.cz\/?page_id=13"},"modified":"2023-12-21T10:41:46","modified_gmt":"2023-12-21T09:41:46","slug":"stanovy","status":"publish","type":"page","link":"https:\/\/scnb.bc.cas.cz\/index.php\/stanovy\/","title":{"rendered":"Stanovy"},"content":{"rendered":"\n<p><\/p>\n\n\n\n<p><strong>Stanovy zapsan\u00e9ho spolku<\/strong><\/p>\n\n\n\n<p><strong>Spole\u010dnost pro komparativn\u00ed neurobiologii<\/strong><\/p>\n\n\n\n<p>Spole\u010dnost pro komparativn\u00ed neurobiologii, z.s. je dobrovoln\u00fdm, nez\u00e1visl\u00fdm a nepolitick\u00fdm spolkem ve smyslu ustanoven\u00ed \u00a7 214 (a n\u00e1sleduj\u00edc\u00edch) z\u00e1kona \u010d. 89\/2012 Sb., ob\u010dansk\u00e9ho z\u00e1kon\u00edku, ve zn\u011bn\u00ed pozd\u011bj\u0161\u00edch p\u0159edpis\u016f.<\/p>\n\n\n\n<p>\u00a7 1<br><strong><u>Z\u00e1kladn\u00ed ustanoven\u00ed<\/u><\/strong><\/p>\n\n\n\n<ol class=\"wp-block-list\">\n<li>N\u00e1zev zapsan\u00e9ho spolku: Spole\u010dnost pro komparativn\u00ed neurobiologii (d\u00e1le jen \u201espole\u010dnost\u201c). Anglick\u00fd ekvivalent jm\u00e9na je Society for Comparative Neurobiology.<\/li>\n\n\n\n<li>S\u00eddlo zapsan\u00e9ho spolku: \u010cesk\u00e9 Bud\u011bjovice.<\/li>\n\n\n\n<li>Spole\u010dnost je v\u00fdb\u011brov\u00e9 sdru\u017een\u00ed v\u011bdeck\u00fdch, v\u011bdecko-pedagogick\u00fdch a odborn\u00fdch pracovn\u00edk\u016f, student\u016f a dal\u0161\u00edch osob zab\u00fdvaj\u00edc\u00edch se komparativn\u00ed neurobiologi\u00ed&nbsp; jako\u017eto oboru integruj\u00edc\u00edho neurobiologick\u00e9 poznatky ze studia r\u016fzn\u00fdch \u017eivo\u010dich\u016f (\u010dlov\u011bka, ostatn\u00edch obratlovc\u016f, bezobratl\u00fdch) a usiluj\u00edc\u00edch o pochopen\u00ed univerz\u00e1ln\u00edch princip\u016f organizace a funkce nervov\u00fdch syst\u00e9m\u016f.<\/li>\n\n\n\n<li>C\u00edlem spole\u010dnosti je pod\u00edlet se na v\u0161estrann\u00e9m, komplexn\u00edm a systematick\u00e9m rozvoji neurobiologick\u00fdch obor\u016f, pod\u00edlet se na propagaci a realizaci v\u00fdsledk\u016f v\u011bdecko-v\u00fdzkumn\u00e9 \u010dinnosti a expertn\u00ed \u010dinnost v&nbsp;t\u011bchto oborech.<\/li>\n\n\n\n<li>Spole\u010dnost vykon\u00e1v\u00e1 svou \u010dinnost ve prosp\u011bch sv\u00fdch \u010dlen\u016f i ve\u0159ejnosti.<\/li>\n<\/ol>\n\n\n\n<p>\u00a7 2<br><strong><u>Hlavn\u00ed \u010dinnosti spole\u010dnosti<\/u><\/strong><\/p>\n\n\n\n<ol class=\"wp-block-list\">\n<li>Spole\u010dnost sdru\u017euje z\u00e1jemce o komparativn\u00ed neurobiologii a p\u0159\u00edbuzn\u00e9 obory za \u00fa\u010delem z\u00edsk\u00e1v\u00e1n\u00ed a \u0161\u00ed\u0159en\u00ed nov\u00fdch v\u011bdeck\u00fdch a odborn\u00fdch poznatk\u016f.<\/li>\n\n\n\n<li>Z\u00e1kladn\u00ed \u010dinnost\u00ed je odborn\u00e1 diskuze, vytv\u00e1\u0159en\u00ed a udr\u017eov\u00e1n\u00ed prostoru pro tuto diskuzi.<\/li>\n\n\n\n<li>Spole\u010dnost p\u0159isp\u00edv\u00e1 ke zvy\u0161ov\u00e1n\u00ed odborn\u00e9 \u00farovn\u011b \u010dlen\u016f spole\u010dnosti a poskytuje jim pomoc p\u0159i v\u00fdzkumn\u00e9 a odborn\u00e9 \u010dinnosti.<\/li>\n\n\n\n<li>Spole\u010dnost m\u016f\u017ee \u0161\u00ed\u0159it poznatky mezi odbornou a laickou ve\u0159ejnost\u00ed.<\/li>\n\n\n\n<li>Spole\u010dnost m\u016f\u017ee propagovat v\u00fdsledky studia komparativn\u00ed&nbsp; neurobiologie na n\u00e1rodn\u00edch i mezin\u00e1rodn\u00edch f\u00f3rech, m\u016f\u017ee po\u0159\u00e1dat nebo spolupo\u0159\u00e1dat n\u00e1rodn\u00ed a mezin\u00e1rodn\u00ed konference, semin\u00e1\u0159e, v\u011bdeck\u00e1 sympozia, p\u0159edn\u00e1\u0161ky, diskuse, pracovn\u00ed sch\u016fzky a dal\u0161\u00ed odborn\u00e9 akce.<\/li>\n\n\n\n<li>Spole\u010dnost m\u016f\u017ee vyv\u00edjet vlastn\u00ed edi\u010dn\u00ed a publika\u010dn\u00ed \u010dinnost a podporuje publika\u010dn\u00ed \u010dinnost \u010dlen\u016f.<\/li>\n\n\n\n<li>Spole\u010dnost spolupracuje s v\u00fdzkumn\u00fdmi \u00fastavy, vysok\u00fdmi \u0161kolami a s&nbsp;odborn\u00fdmi spole\u010dnostmi a spolky bl\u00edzk\u00e9ho zam\u011b\u0159en\u00ed.<br><br><\/li>\n<\/ol>\n\n\n\n<p>\u00a7 3<\/p>\n\n\n\n<p><strong><u>\u010clenstv\u00ed<\/u><\/strong><\/p>\n\n\n\n<ol class=\"wp-block-list\" start=\"1\">\n<li>\u010clenem spole\u010dnosti se m\u016f\u017ee st\u00e1t ka\u017ed\u00e1 osoba, kter\u00e1:<\/li>\n<\/ol>\n\n\n\n<ol class=\"wp-block-list\" start=\"1\">\n<li>souhlas\u00ed s&nbsp;posl\u00e1n\u00edm a \u00falohou spole\u010dnosti,<\/li>\n\n\n\n<li>p\u0159ihl\u00e1s\u00ed se za \u010dlena,<\/li>\n\n\n\n<li>m\u00e1 doporu\u010den\u00ed nejm\u00e9n\u011b t\u0159ech \u010dlen\u016f v\u00fdboru spole\u010dnosti,<\/li>\n\n\n\n<li>je star\u0161\u00ed 18 let.<\/li>\n<\/ol>\n\n\n\n<ol class=\"wp-block-list\" start=\"2\">\n<li>\u010clenstv\u00ed vznik\u00e1 p\u0159ijet\u00edm za \u010dlena rozhodnut\u00edm v\u00fdboru.<\/li>\n\n\n\n<li>\u010clenstv\u00ed zanik\u00e1<\/li>\n<\/ol>\n\n\n\n<ol class=\"wp-block-list\" start=\"1\">\n<li>vystoupen\u00edm na z\u00e1klad\u011b p\u00edsemn\u00e9ho prohl\u00e1\u0161en\u00ed \u010dlena,<\/li>\n\n\n\n<li>\u00famrt\u00edm,<\/li>\n\n\n\n<li>vylou\u010den\u00edm \u010dlena; v\u00fdbor spole\u010dnosti m\u00e1 pr\u00e1vo vylou\u010dit \u010dlena, pokud sv\u00fdm jedn\u00e1n\u00edm poru\u0161uje c\u00edle, principy a posl\u00e1n\u00ed spole\u010dnosti nebo pokud sv\u00fdm jedn\u00e1n\u00edm neprosp\u00edv\u00e1 respektuj\u00edc\u00ed a kooperuj\u00edc\u00ed atmosf\u00e9\u0159e spolku.<\/li>\n<\/ol>\n\n\n\n<p>\u00a74<\/p>\n\n\n\n<p><strong><u>Pr\u00e1va a povinnosti \u010dlen\u016f<\/u><\/strong><\/p>\n\n\n\n<ol class=\"wp-block-list\" start=\"1\">\n<li>\u010clen spole\u010dnosti m\u00e1 pr\u00e1vo:\n<ol class=\"wp-block-list\" start=\"1\">\n<li>z\u00fa\u010dastnit se \u010dlensk\u00e9 sch\u016fze a pod\u00edlet se na jej\u00edm jedn\u00e1n\u00ed,<\/li>\n\n\n\n<li>volit a b\u00fdt volen do org\u00e1n\u016f spole\u010dnosti,<\/li>\n\n\n\n<li>b\u00fdt \u010dlenem pracovn\u00edch skupin spole\u010dnosti,<\/li>\n\n\n\n<li>pod\u00e1vat n\u00e1vrhy, podn\u011bty, vzn\u00e1\u0161et dotazy org\u00e1n\u016fm spole\u010dnosti a hlasovat o n\u00e1vrz\u00edch podan\u00fdch na v\u0161ech zased\u00e1n\u00edch, konferenc\u00edch a jin\u00fdch odborn\u00fdch akc\u00edch po\u0159\u00e1dan\u00fdch spole\u010dnost\u00ed,<\/li>\n\n\n\n<li>b\u00fdt informov\u00e1n o v\u0161ech akc\u00edch po\u0159\u00e1dan\u00fdch spole\u010dnost\u00ed a \u00fa\u010dastnit se t\u011bchto akc\u00ed.<\/li>\n<\/ol>\n<\/li>\n\n\n\n<li>\u010clenov\u00e9 jsou povinni:\n<ol class=\"wp-block-list\" start=\"1\">\n<li>dodr\u017eovat stanovy spole\u010dnosti,<\/li>\n\n\n\n<li>db\u00e1t na dobr\u00e9 jm\u00e9no spole\u010dnosti,<\/li>\n\n\n\n<li>aktivn\u011b se pod\u00edlet na \u010dinnosti spole\u010dnosti,<\/li>\n\n\n\n<li>chovat se k&nbsp;ostatn\u00edm \u010dlen\u016fm spolku s&nbsp;respektem a chr\u00e1nit jejich pr\u00e1vo na odli\u0161n\u00fd n\u00e1zor.<\/li>\n<\/ol>\n<\/li>\n<\/ol>\n\n\n\n<p>\u00a75<\/p>\n\n\n\n<p><strong><u>Seznam \u010dlen\u016f<\/u><\/strong><\/p>\n\n\n\n<ol class=\"wp-block-list\" start=\"1\">\n<li>Spole\u010dnost vede seznam \u010dlen\u016f, v n\u011bm\u017e se u ka\u017ed\u00e9ho \u010dlena uv\u00e1d\u011bj\u00ed n\u00e1sleduj\u00edc\u00ed \u00fadaje: p\u0159\u00edjmen\u00ed, jm\u00e9no, tituly, adresa pracovi\u0161t\u011b, elektronick\u00e1 adresa, odborn\u00e9 zam\u011b\u0159en\u00ed. Ka\u017ed\u00fd \u010dlen je povinen pr\u016fb\u011b\u017en\u011b aktualizovat sv\u00e9 osobn\u00ed \u00fadaje v seznamu \u010dlen\u016f.<\/li>\n\n\n\n<li>Z\u00e1pis a v\u00fdmaz ze seznamu \u010dlen\u016f prov\u00e1d\u00ed v\u00fdbor spole\u010dnosti. V\u00fdbor provede z\u00e1pis nov\u00e9ho \u010dlena do seznamu \u010dlen\u016f ve lh\u016ft\u011b 30 dn\u016f od vzniku \u010dlenstv\u00ed. V\u00fdbor provede v\u00fdmaz \u010dlena ze seznamu \u010dlen\u016f ve lh\u016ft\u011b 30 dn\u016f od z\u00e1niku \u010dlenstv\u00ed.<\/li>\n\n\n\n<li>\u00dapln\u00fd seznam \u010dlen\u016f s osobn\u00edmi \u00fadaji je dostupn\u00fd pouze \u010dlen\u016fm v\u00fdboru spole\u010dnosti a je vyu\u017e\u00edvan\u00fd jen pro organizov\u00e1n\u00ed aktivit spole\u010dnosti \u010di pro komunikaci se \u010dleny spole\u010dnosti.<\/li>\n<\/ol>\n\n\n\n<p>\u00a7 6<br><strong><u>Org\u00e1ny spole\u010dnosti<\/u><\/strong><\/p>\n\n\n\n<ol class=\"wp-block-list\" start=\"1\">\n<li>Org\u00e1ny spole\u010dnosti tvo\u0159\u00ed:\n<ol class=\"wp-block-list\" start=\"1\">\n<li>v\u00fdbor,<\/li>\n\n\n\n<li>\u010dlensk\u00e1 sch\u016fze,<\/li>\n\n\n\n<li>p\u0159\u00edpadn\u011b revizn\u00ed komise.<\/li>\n<\/ol>\n<\/li>\n\n\n\n<li>V\u00fdbor je nejvy\u0161\u0161\u00edm org\u00e1nem spole\u010dnosti.<\/li>\n\n\n\n<li>Funk\u010dn\u00ed obdob\u00ed v\u00fdboru a revizn\u00ed komise je osmilet\u00e9.<\/li>\n<\/ol>\n\n\n\n<p>\u00a77<\/p>\n\n\n\n<p><strong><u>V\u00fdbor spole\u010dnosti<\/u><\/strong><\/p>\n\n\n\n<ol class=\"wp-block-list\" start=\"1\">\n<li>V\u00fdbor je statut\u00e1rn\u00edm org\u00e1nem spole\u010dnosti \u2013 statut\u00e1rn\u00ed org\u00e1n spole\u010dnosti je kolektivn\u00ed.<\/li>\n\n\n\n<li>V\u00fdbor je tvo\u0159en\u00fd nejm\u00e9n\u011b p\u011bti \u010dleny.<\/li>\n\n\n\n<li>V\u00fdboru p\u0159\u00edslu\u0161\u00ed:<\/li>\n<\/ol>\n\n\n\n<ol class=\"wp-block-list\" start=\"1\">\n<li>schvalovat zpr\u00e1vu o \u010dinnosti spole\u010dnosti a p\u0159\u00edpadnou zpr\u00e1vu o hospoda\u0159en\u00ed za b\u011b\u017en\u00fd rok,<\/li>\n\n\n\n<li>schvalovat pl\u00e1n \u010dinnosti a p\u0159\u00edpadn\u00fd finan\u010dn\u00ed pl\u00e1n na n\u00e1sleduj\u00edc\u00ed rok,<\/li>\n\n\n\n<li>zabezpe\u010dovat p\u0159\u00edpravu \u010dlensk\u00e9 sch\u016fze,<\/li>\n\n\n\n<li>p\u0159ij\u00edmat nov\u00e9 \u010dleny spole\u010dnosti a rozhodovat o ukon\u010den\u00ed \u010dlenstv\u00ed,<\/li>\n\n\n\n<li>zaji\u0161\u0165ovat b\u011b\u017en\u00e9 \u00fakoly t\u00fdkaj\u00edc\u00ed se spole\u010dnosti,<\/li>\n\n\n\n<li>schvalovat smlouvy o spolupr\u00e1ci s&nbsp;jin\u00fdmi odborn\u00fdmi a v\u011bdeck\u00fdmi spole\u010dnostmi v \u010cesk\u00e9 republice i v&nbsp;zahrani\u010d\u00ed,<\/li>\n\n\n\n<li>z\u0159izovat odborn\u00e9 skupiny pov\u011b\u0159en\u00e9 pln\u011bn\u00edm konkr\u00e9tn\u00edch \u00fakol\u016f a jmenovat jejich \u010dleny,<\/li>\n\n\n\n<li>stanovovat v\u00fd\u0161i p\u0159\u00edpadn\u00fdch \u010dlensk\u00fdch p\u0159\u00edsp\u011bvk\u016f,<\/li>\n\n\n\n<li>ur\u010dovat hlavn\u00ed sm\u011bry \u010dinnosti spole\u010dnosti,<\/li>\n\n\n\n<li>m\u011bnit stanovy spole\u010dnosti.<\/li>\n\n\n\n<li>Ka\u017ed\u00fd z \u010dlen\u016f v\u00fdboru vykon\u00e1v\u00e1 funkci osobn\u011b. Zastoupen\u00ed \u010dlen\u016f v\u00fdboru se nep\u0159ipou\u0161t\u00ed.<\/li>\n\n\n\n<li>Funkce \u010dlena v\u00fdboru zanik\u00e1 doru\u010den\u00edm prohl\u00e1\u0161en\u00ed o odstoupen\u00ed v\u00fdboru.<\/li>\n<\/ol>\n\n\n\n<p>\u00a78<\/p>\n\n\n\n<p><strong><u>\u010clensk\u00e1 sch\u016fze<\/u><\/strong><\/p>\n\n\n\n<ol class=\"wp-block-list\" start=\"1\">\n<li>\u010clenskou sch\u016fzi svol\u00e1v\u00e1 v\u00fdbor nejm\u00e9n\u011b jednou za rok.<\/li>\n\n\n\n<li>V\u00fdbor m\u016f\u017ee svolat mimo\u0159\u00e1dnou sch\u016fzi z&nbsp;vlastn\u00edho podn\u011btu. Mimo\u0159\u00e1dnou sch\u016fzi svol\u00e1 t\u00e9\u017e na p\u00edsemnou \u017e\u00e1dost nejm\u00e9n\u011b jedn\u00e9 t\u0159etiny \u010dlen\u016f spole\u010dnosti \u010di revizn\u00ed komise nejpozd\u011bji do t\u0159iceti dn\u016f od doru\u010den\u00ed p\u00edsemn\u00e9 \u017e\u00e1dosti, kter\u00e1 mus\u00ed obsahovat uveden\u00ed d\u016fvod\u016f a program mimo\u0159\u00e1dn\u00e9 sch\u016fze.<\/li>\n\n\n\n<li>V\u00fdbor ozn\u00e1m\u00ed term\u00edn, m\u00edsto kon\u00e1n\u00ed a program \u010dlensk\u00e9 sch\u016fze v\u0161em \u010dlen\u016fm nejpozd\u011bji 30 dn\u016f p\u0159ed t\u00edmto term\u00ednem.<\/li>\n\n\n\n<li>\u010clensk\u00e9 sch\u016fzi p\u0159edsed\u00e1 a \u0159\u00edd\u00ed ji pov\u011b\u0159en\u00fd \u010dlen v\u00fdboru.<\/li>\n\n\n\n<li>\u010clensk\u00e1 sch\u016fze je zp\u016fsobil\u00e1 se usn\u00e1\u0161et, je-li p\u0159\u00edtomna v\u011bt\u0161ina \u010dlen\u016f spole\u010dnosti.<\/li>\n\n\n\n<li>\u010clenskou sch\u016fzi lze uskute\u010dnit online n\u00e1stroji.<\/li>\n<\/ol>\n\n\n\n<p>\u00a79<\/p>\n\n\n\n<p><strong><u>Revizn\u00ed komise<\/u><\/strong><\/p>\n\n\n\n<ol class=\"wp-block-list\" start=\"1\">\n<li>V&nbsp;p\u0159\u00edpad\u011b, \u017ee spole\u010dnost m\u00e1 finan\u010dn\u00ed hospoda\u0159en\u00ed s&nbsp;ro\u010dn\u00edmi p\u0159\u00edjmy vy\u0161\u0161\u00edmi ne\u017e 20&nbsp;000 K\u010d, je zvolena revizn\u00ed komise, kter\u00e1 vykon\u00e1v\u00e1 kontrolu nad finan\u010dn\u00edm hospoda\u0159en\u00edm spole\u010dnosti.<\/li>\n\n\n\n<li>Revizn\u00ed komise je obvykle t\u0159\u00ed\u010dlenn\u00e1 a volena v\u00fdborem spole\u010dnosti.<\/li>\n\n\n\n<li>\u010clenov\u00e9 revizn\u00ed komise se mohou \u00fa\u010dastnit zased\u00e1n\u00ed v\u00fdboru spole\u010dnosti s&nbsp;hlasem poradn\u00edm.<\/li>\n\n\n\n<li>Funkce \u010dlena revizn\u00ed komise zanik\u00e1 doru\u010den\u00edm prohl\u00e1\u0161en\u00ed o odstoupen\u00ed v\u00fdboru.<\/li>\n\n\n\n<li>Ka\u017ed\u00fd z \u010dlen\u016f revizn\u00ed komise vykon\u00e1v\u00e1 funkci osobn\u011b. Zastoupen\u00ed \u010dlen\u016f komise se nep\u0159ipou\u0161t\u00ed.<\/li>\n<\/ol>\n\n\n\n<p>\u00a710<\/p>\n\n\n\n<p><strong><u>Volby do v\u00fdboru a revizn\u00ed komise<\/u><\/strong><\/p>\n\n\n\n<ol class=\"wp-block-list\" start=\"1\">\n<li>Volby jsou jednokolov\u00e9. Za \u010dleny v\u00fdboru \u010di revizn\u00ed komise jsou zvoleni kandid\u00e1ti, kte\u0159\u00ed obdr\u017eeli nejv\u00edce hlas\u016f, a to a\u017e do v\u00fd\u0161e po\u010dtu \u010dlen\u016f v\u00fdboru \u010di revizn\u00ed komise, stanoven\u00fdch t\u011bmito stanovami. Prvn\u00ed t\u0159i nezvolen\u00ed kandid\u00e1ti do v\u00fdboru ve v\u00fdsledn\u00e9m po\u0159ad\u00ed jsou zvoleni \u010dleny revizn\u00ed komise.<\/li>\n\n\n\n<li>Nejpozd\u011bji 90 dn\u016f p\u0159ed kon\u00e1n\u00edm volebn\u00ed \u010dlensk\u00e9 sch\u016fze vyzve v\u00fdbor v\u0161echny \u010dleny spole\u010dnosti k&nbsp;navrhov\u00e1n\u00ed vhodn\u00fdch kandid\u00e1t\u016f pro volbu nov\u00e9ho v\u00fdboru a revizn\u00ed komise a ozn\u00e1m\u00ed \u010dlen\u016fm spole\u010dnosti lh\u016ftu, ve kter\u00e9 mohou kandid\u00e1ty navrhovat.<\/li>\n\n\n\n<li>Po uplynut\u00ed lh\u016fty pro navrhov\u00e1n\u00ed kandid\u00e1t\u016f, kter\u00e1 kon\u010d\u00ed nejpozd\u011bji 45 dn\u016f p\u0159ed kon\u00e1n\u00edm volebn\u00ed \u010dlensk\u00e9 sch\u016fze, v\u00fdbor ov\u011b\u0159\u00ed, zda v\u0161ichni navr\u017een\u00ed kandid\u00e1ti souhlas\u00ed s&nbsp;kandidaturou, ov\u011b\u0159\u00ed, zda po\u010det navr\u017een\u00fdch kandid\u00e1t\u016f je dostate\u010dn\u00fd pro obsazen\u00ed v\u0161ech volen\u00fdch m\u00edst, p\u0159\u00edpadn\u011b zajist\u00ed dopln\u011bn\u00ed na minim\u00e1ln\u00ed po\u010det m\u00edst a schv\u00e1l\u00ed kandid\u00e1tn\u00ed listinu.<\/li>\n\n\n\n<li>Nejpozd\u011bji 30 dn\u016f p\u0159ed kon\u00e1n\u00edm \u010dlensk\u00e9 sch\u016fze v\u00fdbor vyhl\u00e1s\u00ed volby a spust\u00ed hlasov\u00e1n\u00ed.<\/li>\n<\/ol>\n\n\n\n<p>\u00a7 11<br><strong><u>Hospoda\u0159en\u00ed spole\u010dnosti<\/u><\/strong><\/p>\n\n\n\n<p>1. Hospoda\u0159en\u00ed nen\u00ed nezbytnou podm\u00ednkou \u010dinnosti spole\u010dnosti. M\u00e1-li spole\u010dnost finan\u010dn\u00ed hospoda\u0159en\u00ed, pak prob\u00edh\u00e1 v&nbsp;souladu s&nbsp;platnou legislativou.<br>2. Finan\u010dn\u00ed prost\u0159edky pro \u010dinnost spole\u010dnosti mohou tvo\u0159it p\u0159\u00edjmy z vlastn\u00ed \u010dinnosti, dary osob, d\u011bdictv\u00ed, p\u0159\u00edsp\u011bvky instituc\u00ed, nadac\u00ed, dotace nebo p\u0159\u00edsp\u011bvky \u010dlen\u016f, jsou-li stanoveny.<br>3. Finan\u010dn\u00ed rozpo\u010det a r\u00e1mcov\u00fd pl\u00e1n \u010dinnosti na n\u00e1sleduj\u00edc\u00ed rok sestav\u00ed koncem ka\u017ed\u00e9ho roku v\u00fdbor spole\u010dnosti.<br>4. Zpr\u00e1vu o hospoda\u0159en\u00ed spole\u010dnosti vypracuje v\u00fdbor spole\u010dnosti za ka\u017ed\u00e9 \u00fa\u010detn\u00ed obdob\u00ed a tak\u00e9 pro ka\u017edou \u010dlenskou sch\u016fzi, na kter\u00e9 je zpr\u00e1va projedn\u00e1na.<br>5. V\u00fddaje a p\u0159\u00edjmy spole\u010dnosti se realizuj\u00ed na bankovn\u00edm \u00fa\u010dtu.<\/p>\n\n\n\n<p>\u00a7 12<strong><u><br>Zastupov\u00e1n\u00ed spole\u010dnosti<\/u><\/strong><\/p>\n\n\n\n<p>1. Spole\u010dnost zastupuj\u00ed \u010dlenov\u00e9 v\u00fdboru a to ka\u017ed\u00fd z nich ve v\u0161ech v\u011bcech samostatn\u011b vyjma styku s pen\u011b\u017en\u00edmi \u00fastavy, kde se vy\u017eaduj\u00ed podpisy alespo\u0148 dvou osob.<br>2. V\u00fdbor m\u016f\u017ee zplnomocnit dal\u0161\u00ed osoby (nap\u0159. pr\u00e1vn\u00edho z\u00e1stupce), aby zastupovali spole\u010dnost ve vymezen\u00e9m \u010dase a rozsahu a jej\u00edm jm\u00e9nem jednali. Takto pov\u011b\u0159en\u00e9 osoby se podepisuj\u00ed za spole\u010dnost s funkc\u00ed \u201epov\u011b\u0159en\u00fd z\u00e1stupce\u201c.<\/p>\n\n\n\n<p>\u00a7 13<br><strong><u>Z\u00e1nik Spole\u010dnosti<\/u><\/strong><\/p>\n\n\n\n<p>1. Spole\u010dnost zanikne, rozhodne-li o tom statut\u00e1rn\u00ed org\u00e1n.<\/p>\n\n\n\n<p>V&nbsp;\u010cesk\u00fdch Bud\u011bjovic\u00edch dne 30. b\u0159ezna 2023<\/p>\n\n\n\n<p>prof. RNDr. Dalibor Kodr\u00edk, CSc.<\/p>\n\n\n\n<p>prof. RNDr. Ivo \u0160auman, Ph.D.<\/p>\n\n\n\n<p>doc. PaedDr. Radka Z\u00e1vodsk\u00e1, Ph.D.<\/p>\n\n\n\n<p>Mgr. Hana Sehadov\u00e1, Ph.D.<\/p>\n\n\n\n<p>MUDr. Ji\u0159\u00ed Dvo\u0159\u00e1\u010dek<\/p>\n\n\n\n<div class=\"wp-block-file\"><a id=\"wp-block-file--media-ae38265e-fa76-4084-af37-10e18ea46a9c\" href=\"https:\/\/scnb.bc.cas.cz\/wp-content\/uploads\/2023\/12\/Stanovy.pdf\">Stanovy<\/a><a href=\"https:\/\/scnb.bc.cas.cz\/wp-content\/uploads\/2023\/12\/Stanovy.pdf\" class=\"wp-block-file__button wp-element-button\" download aria-describedby=\"wp-block-file--media-ae38265e-fa76-4084-af37-10e18ea46a9c\">St\u00e1hnout v PDF form\u00e1tu<\/a><\/div>\n\n\n\n<div class=\"wp-block-file\"><a id=\"wp-block-file--media-29fd1e67-a2a9-440c-a6d6-29a9bee65bbf\" href=\"https:\/\/scnb.bc.cas.cz\/wp-content\/uploads\/2023\/12\/Stanovy.docx\">Stanovy<\/a><a href=\"https:\/\/scnb.bc.cas.cz\/wp-content\/uploads\/2023\/12\/Stanovy.docx\" class=\"wp-block-file__button wp-element-button\" download aria-describedby=\"wp-block-file--media-29fd1e67-a2a9-440c-a6d6-29a9bee65bbf\">St\u00e1hnout v docx form\u00e1tu<\/a><\/div>\n","protected":false},"excerpt":{"rendered":"<p>Stanovy zapsan\u00e9ho spolku Spole\u010dnost pro komparativn\u00ed neurobiologii Spole\u010dnost pro komparativn\u00ed neurobiologii, z.s. je dobrovoln\u00fdm, nez\u00e1visl\u00fdm a nepolitick\u00fdm spolkem ve smyslu ustanoven\u00ed \u00a7 214 (a n\u00e1sleduj\u00edc\u00edch) z\u00e1kona \u010d. 89\/2012 Sb., ob\u010dansk\u00e9ho &#8230;<\/p>\n","protected":false},"author":1,"featured_media":0,"parent":0,"menu_order":0,"comment_status":"closed","ping_status":"closed","template":"","meta":{"footnotes":""},"class_list":["post-13","page","type-page","status-publish","hentry"],"_links":{"self":[{"href":"https:\/\/scnb.bc.cas.cz\/index.php\/wp-json\/wp\/v2\/pages\/13","targetHints":{"allow":["GET"]}}],"collection":[{"href":"https:\/\/scnb.bc.cas.cz\/index.php\/wp-json\/wp\/v2\/pages"}],"about":[{"href":"https:\/\/scnb.bc.cas.cz\/index.php\/wp-json\/wp\/v2\/types\/page"}],"author":[{"embeddable":true,"href":"https:\/\/scnb.bc.cas.cz\/index.php\/wp-json\/wp\/v2\/users\/1"}],"replies":[{"embeddable":true,"href":"https:\/\/scnb.bc.cas.cz\/index.php\/wp-json\/wp\/v2\/comments?post=13"}],"version-history":[{"count":4,"href":"https:\/\/scnb.bc.cas.cz\/index.php\/wp-json\/wp\/v2\/pages\/13\/revisions"}],"predecessor-version":[{"id":54,"href":"https:\/\/scnb.bc.cas.cz\/index.php\/wp-json\/wp\/v2\/pages\/13\/revisions\/54"}],"wp:attachment":[{"href":"https:\/\/scnb.bc.cas.cz\/index.php\/wp-json\/wp\/v2\/media?parent=13"}],"curies":[{"name":"wp","href":"https:\/\/api.w.org\/{rel}","templated":true}]}}