{"id":15,"date":"2023-12-20T10:43:11","date_gmt":"2023-12-20T09:43:11","guid":{"rendered":"https:\/\/scnb.bc.cas.cz\/?page_id=15"},"modified":"2023-12-21T10:44:37","modified_gmt":"2023-12-21T09:44:37","slug":"zapisy-ze-schuzi","status":"publish","type":"page","link":"https:\/\/scnb.bc.cas.cz\/index.php\/zapisy-ze-schuzi\/","title":{"rendered":"Z\u00e1pisy ze sch\u016fz\u00ed"},"content":{"rendered":"\n<p><\/p>\n\n\n\n<p><\/p>\n\n\n\n<p><strong>Ustavuj\u00edc\u00ed sch\u016fze Spole\u010dnosti pro komparativn\u00ed neurobiologii<\/strong><\/p>\n\n\n\n<p><strong>Dne: 30.3.2023<\/strong>, ENT\u00da BC AV \u010cR, \u010cesk\u00e9 Bud\u011bjovice<\/p>\n\n\n\n<p><strong>Program sch\u016fze:<\/strong><\/p>\n\n\n\n<ol class=\"wp-block-list\">\n<li>Ustanoven\u00ed v\u00fdboru jako statut\u00e1rn\u00edho org\u00e1nu:<\/li>\n<\/ol>\n\n\n\n<p>MUDr. Ji\u0159\u00ed Dvo\u0159\u00e1\u010dek<\/p>\n\n\n\n<p>prof. RNDr. Dalibor Kodr\u00edk, CSc.<\/p>\n\n\n\n<p>prof. RNDr. Ivo \u0160auman, Ph.D.<\/p>\n\n\n\n<p>doc. PaedDr. Radka Z\u00e1vodsk\u00e1, Ph.D.<\/p>\n\n\n\n<p>Mgr. Hana Sehadov\u00e1, Ph.D.<\/p>\n\n\n\n<ul class=\"wp-block-list\">\n<li>\u010clenov\u00e9 v\u00fdboru se shodli na:<\/li>\n\n\n\n<li>N\u00e1zvu spolku: CZ \u201eSpole\u010dnost pro komparativn\u00ed neurobiologii\u201c, (zkratka SKN)<\/li>\n<\/ul>\n\n\n\n<p>&nbsp;&nbsp;&nbsp;&nbsp;&nbsp;&nbsp;&nbsp;&nbsp;&nbsp;&nbsp;&nbsp;&nbsp;&nbsp;&nbsp;&nbsp;&nbsp;&nbsp;&nbsp;&nbsp;&nbsp;&nbsp;&nbsp;&nbsp;&nbsp;&nbsp;&nbsp;&nbsp;&nbsp;&nbsp; EN \u201eSociety for Comparative Neurobiology\u201c, (zkratka SCN)<\/p>\n\n\n\n<ul class=\"wp-block-list\">\n<li>S\u00eddle spolku: Entomologick\u00fd \u00fastav, Biologick\u00e9 centrum AV \u010cR, \u010cesk\u00e9 Bud\u011bjovice<\/li>\n\n\n\n<li>Kon\u00e1n\u00ed sch\u016fz\u00ed v\u00fdboru: 1x za dva m\u011bs\u00edce<\/li>\n\n\n\n<li>Svol\u00e1n\u00ed \u010dlensk\u00e9 sch\u016fze: 1x za rok<\/li>\n\n\n\n<li>Schv\u00e1len\u00ed stanov p\u0159edlo\u017een\u00fdch MUDr. Ji\u0159\u00edm Dvo\u0159\u00e1\u010dkem<\/li>\n\n\n\n<li>Nahl\u00e1\u0161en\u00ed spole\u010dnosti do registru zajist\u00ed MUDr. Ji\u0159\u00ed Dvo\u0159\u00e1\u010dek<\/li>\n\n\n\n<li>Souhlas \u0159editele Entomologick\u00e9ho \u00fastavu a cel\u00e9ho Biologick\u00e9ho centra AV \u010cR s&nbsp;poskytnut\u00edm s\u00eddla spolku zajist\u00ed prof. RNDr. Ivo \u0160auman, Ph.D.<\/li>\n<\/ul>\n\n\n\n<ul class=\"wp-block-list\">\n<li>Odborn\u00e1 diskuse na t\u00e9ma srovn\u00e1n\u00ed anatomie lidsk\u00e9ho a hmyz\u00edho mozku a funkce neurotransmiter\u016f.<\/li>\n<\/ul>\n\n\n\n<ul class=\"wp-block-list\">\n<li>Dal\u0161\u00ed zased\u00e1n\u00ed v\u00fdboru se bude konat v&nbsp;term\u00ednu kv\u011bten \u2013 \u010derven 2023 v&nbsp;objektu Psychiatrick\u00e9 nemocnice \u010cerven\u00fd dv\u016fr<\/li>\n<\/ul>\n\n\n\n<p>Z\u00e1pis provedly: RZ, HS<\/p>\n\n\n\n<p>Podpisy zakl\u00e1daj\u00edc\u00edch \u010dlen\u016f:&nbsp;&nbsp;&nbsp;&nbsp;&nbsp;&nbsp;&nbsp;&nbsp;&nbsp;&nbsp;&nbsp;&nbsp;&nbsp;&nbsp;&nbsp;&nbsp;&nbsp;&nbsp;&nbsp;&nbsp;&nbsp;&nbsp;&nbsp;&nbsp; &#8212;&#8212;&#8212;&#8212;&#8212;&#8212;&#8212;&#8212;&#8212;&#8212;&#8212;&#8212;&#8212;&#8212;&#8212;&#8211;&nbsp;&nbsp;&nbsp;&nbsp;&nbsp;&nbsp;&nbsp;&nbsp;&nbsp;&nbsp;<\/p>\n\n\n\n<p>&nbsp;&nbsp;&nbsp;&nbsp;&nbsp;&nbsp;&nbsp;&nbsp;&nbsp;&nbsp;&nbsp;&nbsp;&nbsp;&nbsp;&nbsp;&nbsp;&nbsp;&nbsp;&nbsp;&nbsp;&nbsp;&nbsp;&nbsp;&nbsp;&nbsp;&nbsp;&nbsp;&nbsp;&nbsp;&nbsp;&nbsp;&nbsp;&nbsp;&nbsp;&nbsp;&nbsp;&nbsp;&nbsp;&nbsp;&nbsp;&nbsp;&nbsp;&nbsp;&nbsp;&nbsp;&nbsp;&nbsp;&nbsp;&nbsp;&nbsp;&nbsp;&nbsp;&nbsp;&nbsp;&nbsp;&nbsp;&nbsp;&nbsp;&nbsp;&nbsp;&nbsp;&nbsp;&nbsp;&nbsp;&nbsp;&nbsp;&nbsp;&nbsp;&nbsp;&nbsp;&nbsp;&nbsp;&nbsp;&nbsp;&nbsp;&nbsp;&nbsp;&nbsp;&nbsp;&nbsp;&nbsp;&nbsp; MUDr. Ji\u0159\u00ed Dvo\u0159\u00e1\u010dek&nbsp;&nbsp;&nbsp;&nbsp;&nbsp;&nbsp;&nbsp;&nbsp;&nbsp;&nbsp;&nbsp;&nbsp;&nbsp;&nbsp;&nbsp;&nbsp;&nbsp;&nbsp;&nbsp;&nbsp;&nbsp;&nbsp;&nbsp;&nbsp; &nbsp;<\/p>\n\n\n\n<p>&#8212;&#8212;&#8212;&#8212;&#8212;&#8212;&#8212;&#8212;&#8212;&#8212;&#8212;&#8212;&#8212;&#8212;&#8212;&#8211;&nbsp;&nbsp;&nbsp;&nbsp;&nbsp;&nbsp;&nbsp;&nbsp;&nbsp;&nbsp; &#8212;&#8212;&#8212;&#8212;&#8212;&#8212;&#8212;&#8212;&#8212;&#8212;&#8212;&#8212;&#8212;&#8212;-<\/p>\n\n\n\n<p>prof. RNDr. Dalibor Kodr\u00edk, CSc &nbsp;&nbsp;&nbsp;&nbsp;&nbsp;&nbsp;&nbsp;&nbsp;&nbsp;&nbsp;&nbsp;&nbsp;&nbsp;&nbsp;&nbsp;&nbsp;&nbsp;&nbsp;&nbsp;&nbsp;prof. RNDr. Ivo \u0160auman, Ph.D.<\/p>\n\n\n\n<p>&#8212;&#8212;&#8212;&#8212;&#8212;&#8212;&#8212;&#8212;&#8212;&#8212;&#8212;&#8212;&#8212;&#8212;&#8212;&#8211;&nbsp;&nbsp;&nbsp;&nbsp;&nbsp;&nbsp;&nbsp;&nbsp;&nbsp;&nbsp; &#8212;&#8212;&#8212;&#8212;&#8212;&#8212;&#8212;&#8212;&#8212;&#8212;&#8212;&#8212;&#8212;&#8212;-<\/p>\n\n\n\n<p>doc. PaedDr. Radka Z\u00e1vodsk\u00e1, Ph.D. \u00a0\u00a0\u00a0\u00a0\u00a0\u00a0\u00a0\u00a0\u00a0\u00a0\u00a0\u00a0\u00a0\u00a0\u00a0\u00a0\u00a0Mgr. Hana Sehadov\u00e1, Ph.D.\u00a0\u00a0\u00a0\u00a0 \u00a0<\/p>\n\n\n\n<p><\/p>\n\n\n\n<div class=\"wp-block-file\"><a id=\"wp-block-file--media-2add382a-2baa-4911-b62b-ff77758c28ca\" href=\"https:\/\/scnb.bc.cas.cz\/wp-content\/uploads\/2023\/12\/Zapis-z-ustavujici-schuze-Spolecnosti-pro-komparativni-neurobiologii_2.docx\">Zapis-z-ustavujici-schuze-Spolecnosti-pro-komparativni-neurobiologii_2<\/a><a href=\"https:\/\/scnb.bc.cas.cz\/wp-content\/uploads\/2023\/12\/Zapis-z-ustavujici-schuze-Spolecnosti-pro-komparativni-neurobiologii_2.docx\" class=\"wp-block-file__button wp-element-button\" download aria-describedby=\"wp-block-file--media-2add382a-2baa-4911-b62b-ff77758c28ca\">St\u00e1hnout<\/a><\/div>\n\n\n\n<p><\/p>\n\n\n\n<p><\/p>\n\n\n\n<p>Z\u00e1pis z&nbsp;I. V\u00fdjezdn\u00edho zased\u00e1n\u00ed Spole\u010dnosti pro komparativn\u00ed neurobiologii v&nbsp;Psychiatrick\u00e9 l\u00e9\u010debn\u011b v&nbsp;z\u00e1mku \u010cerven\u00fd Dv\u016fr dne XY. 2023<\/p>\n\n\n\n<p>\u00da\u010dast:<\/p>\n\n\n\n<p>&#8211; \u010dlenov\u00e9 zakl\u00e1daj\u00edc\u00edho v\u00fdboru: Dvo\u0159\u00e1\u010dek, Kodr\u00edk, \u0160auman, Z\u00e1vodsk\u00e1, Sehadov\u00e1<\/p>\n\n\n\n<p>&#8211; \u010destn\u00fd host prof. Libor Grubhoffer<\/p>\n\n\n\n<p>Program:<\/p>\n\n\n\n<ol class=\"wp-block-list\">\n<li>P\u0159edn\u00e1\u0161ka o historii z\u00e1mku a l\u00e9\u010debny \u010cerven\u00fd Dv\u016fr \u2013 MUDr. Ji\u0159\u00ed Dvo\u0159\u00e1\u010dek. Sezn\u00e1men\u00ed s&nbsp;r\u016fzn\u00fdmi tyty z\u00e1vislost\u00ed a jejich procentu\u00e1ln\u00edm zastoupen\u00edm v populaci \u010cR.<\/li>\n\n\n\n<li>Prohl\u00eddka are\u00e1lu l\u00e9\u010debny \u010derven\u00fd Dv\u016fr a p\u0159ilehl\u00e9ho z\u00e1meck\u00e9ho parku.<\/li>\n\n\n\n<li>Ob\u011bd<\/li>\n\n\n\n<li>Diskuse o dal\u0161\u00ed \u010dinnosti spolku a p\u0159ij\u00edm\u00e1n\u00ed nov\u00fdch \u010dlen\u016f. &nbsp;<\/li>\n<\/ol>\n\n\n\n<p>Z\u00e1v\u011bry:<\/p>\n\n\n\n<ul class=\"wp-block-list\">\n<li>O p\u0159\u00edpadn\u00e9 ofici\u00e1ln\u00ed \u010dinnosti spolku je nutno informovat Lubom\u00edra Hroudu, vedouc\u00edho v\u011bdeck\u00fdch spole\u010dnost\u00ed (p\u0159ipom\u00ednka prof. Libora Grubhoffera).<\/li>\n\n\n\n<li>Jednozna\u010dn\u011b odsouhlaseno v\u0161emi \u010dleny zakl\u00e1daj\u00edc\u00edho v\u00fdboru p\u0159ijet\u00ed prof. RNDr. Libor Grubhoffer, CSc., dr. hc mult.za \u010dlena Spole\u010dnosti pro komparativn\u00ed neurobiologii<\/li>\n\n\n\n<li>Byli navr\u017eeni osobnosti, kter\u00e9 budou osloveny s&nbsp;nab\u00eddkou \u010dlenstv\u00ed Spole\u010dnosti pro komparativn\u00ed neurobiologii a to:<\/li>\n<\/ul>\n\n\n\n<p>prof. \u2026.Helena Ilnerov\u00e1<\/p>\n\n\n\n<p>prof. \u2026.Alena Sumov\u00e1<\/p>\n\n\n\n<p>.. Du\u0161an \u017dit\u0148an<\/p>\n\n\n\n<p>MUDr. Marek Grubhoffer&nbsp;<\/p>\n\n\n\n<p>Cyril Hir\u0161l<\/p>\n\n\n\n<p>Laco \u0160imo???<\/p>\n\n\n\n<p>Mgr. Michaela Fenckov\u00e1, Ph.D.<\/p>\n\n\n\n<p>Ing. Marcela Nouzov\u00e1, Ph.D.<\/p>\n\n\n\n<p>prof. Fernando Gabriel Noriega, Ph.D.<\/p>\n\n\n\n<p>MUDr. Julius Luke\u0161<\/p>\n\n\n\n<p>+ Libor tuhle psal, \u017ee m\u00e1me n\u011bkoho oslovit<\/p>\n\n\n\n<ul class=\"wp-block-list\">\n<li>Dal\u0161\u00ed sch\u016fzka Spole\u010dnosti pro komparativn\u00ed neurobiologii byla stanovena na z\u00e1\u0159\u00ed\/\u0159\u00edjen 2023 s&nbsp;t\u00edm, \u017ee MUDr. Ji\u0159\u00ed Dvo\u0159\u00e1\u010dek, p\u0159edstav\u00ed t\u00e9ma z\u00e1vislosti na n\u00e1vykov\u00fdch l\u00e1tk\u00e1ch student\u016fm BC AV \u010cR a P\u0159F JU<\/li>\n\n\n\n<li>Nutno zhotovit jednoduch\u00e9 webov\u00e9 str\u00e1nky, kde bude n\u00e1zev spole\u010dnosti, zakl\u00e1daj\u00edc\u00ed v\u00fdbor, seznam p\u0159ijat\u00fdch \u010dlen\u016f, seznam aktivit + p\u00e1r fotografi\u00ed&nbsp;<\/li>\n<\/ul>\n\n\n\n<p>Za Spole\u010dnosti pro komparativn\u00ed neurobiologii zpracovali<\/p>\n\n\n\n<p>Hana Sehadov\u00e1 a Ivo \u0160auman<\/p>\n\n\n\n<p><\/p>\n\n\n\n<div class=\"wp-block-file\"><a id=\"wp-block-file--media-948369b6-a132-4936-a8b4-14e4a0561657\" href=\"https:\/\/scnb.bc.cas.cz\/wp-content\/uploads\/2023\/12\/Zapis-z-I.-vyjezdniho-zasedani.docx\">Zapis-z-I.-vyjezdniho-zasedani<\/a><a href=\"https:\/\/scnb.bc.cas.cz\/wp-content\/uploads\/2023\/12\/Zapis-z-I.-vyjezdniho-zasedani.docx\" class=\"wp-block-file__button wp-element-button\" download aria-describedby=\"wp-block-file--media-948369b6-a132-4936-a8b4-14e4a0561657\">St\u00e1hnout<\/a><\/div>\n","protected":false},"excerpt":{"rendered":"<p>Ustavuj\u00edc\u00ed sch\u016fze Spole\u010dnosti pro komparativn\u00ed neurobiologii Dne: 30.3.2023, ENT\u00da BC AV \u010cR, \u010cesk\u00e9 Bud\u011bjovice Program sch\u016fze: MUDr. Ji\u0159\u00ed Dvo\u0159\u00e1\u010dek prof. RNDr. Dalibor Kodr\u00edk, CSc. prof. RNDr. Ivo \u0160auman, Ph.D. doc. &#8230;<\/p>\n","protected":false},"author":1,"featured_media":0,"parent":0,"menu_order":0,"comment_status":"closed","ping_status":"closed","template":"","meta":{"footnotes":""},"class_list":["post-15","page","type-page","status-publish","hentry"],"_links":{"self":[{"href":"https:\/\/scnb.bc.cas.cz\/index.php\/wp-json\/wp\/v2\/pages\/15","targetHints":{"allow":["GET"]}}],"collection":[{"href":"https:\/\/scnb.bc.cas.cz\/index.php\/wp-json\/wp\/v2\/pages"}],"about":[{"href":"https:\/\/scnb.bc.cas.cz\/index.php\/wp-json\/wp\/v2\/types\/page"}],"author":[{"embeddable":true,"href":"https:\/\/scnb.bc.cas.cz\/index.php\/wp-json\/wp\/v2\/users\/1"}],"replies":[{"embeddable":true,"href":"https:\/\/scnb.bc.cas.cz\/index.php\/wp-json\/wp\/v2\/comments?post=15"}],"version-history":[{"count":2,"href":"https:\/\/scnb.bc.cas.cz\/index.php\/wp-json\/wp\/v2\/pages\/15\/revisions"}],"predecessor-version":[{"id":58,"href":"https:\/\/scnb.bc.cas.cz\/index.php\/wp-json\/wp\/v2\/pages\/15\/revisions\/58"}],"wp:attachment":[{"href":"https:\/\/scnb.bc.cas.cz\/index.php\/wp-json\/wp\/v2\/media?parent=15"}],"curies":[{"name":"wp","href":"https:\/\/api.w.org\/{rel}","templated":true}]}}