{"id":9,"date":"2023-12-20T10:41:44","date_gmt":"2023-12-20T09:41:44","guid":{"rendered":"https:\/\/scnb.bc.cas.cz\/?page_id=9"},"modified":"2023-12-20T11:17:49","modified_gmt":"2023-12-20T10:17:49","slug":"hlavni-strana","status":"publish","type":"page","link":"https:\/\/scnb.bc.cas.cz\/","title":{"rendered":"Hlavn\u00ed strana"},"content":{"rendered":"\n<p><strong>Spole\u010dnost pro komparativn\u00ed neurobiologii\u00a0<\/strong><\/p>\n\n\n\n<p>Spole\u010dnost pro komparativn\u00ed neurobiologii je v\u00fdb\u011brov\u00e9 sdru\u017een\u00ed v\u011bdeck\u00fdch, v\u011bdecko-pedagogick\u00fdch a odborn\u00fdch pracovn\u00edk\u016f, student\u016f a dal\u0161\u00edch osob zab\u00fdvaj\u00edc\u00edch se komparativn\u00ed neurobiologi\u00ed jako\u017eto oboru integruj\u00edc\u00edho neurobiologick\u00e9 poznatky ze studia r\u016fzn\u00fdch \u017eivo\u010dich\u016f (\u010dlov\u011bka, ostatn\u00edch obratlovc\u016f, bezobratl\u00fdch) a usiluj\u00edc\u00edch o pochopen\u00ed univerz\u00e1ln\u00edch princip\u016f organizace a funkce nervov\u00fdch syst\u00e9m\u016f.&nbsp;<\/p>\n\n\n\n<p>C\u00edlem spole\u010dnosti je pod\u00edlet se na v\u0161estrann\u00e9m, komplexn\u00edm a systematick\u00e9m rozvoji neurobiologick\u00fdch obor\u016f, pod\u00edlet se na propagaci a realizaci v\u00fdsledk\u016f v\u011bdecko-v\u00fdzkumn\u00e9 \u010dinnosti a expertn\u00ed \u010dinnost v\u202ft\u011bchto oborech.&nbsp;<\/p>\n\n\n\n<p><\/p>\n\n\n\n<p><strong>Society for Comparative Neurobiology\u00a0<\/strong><\/p>\n\n\n\n<p>The Society for Comparative Neurobiology is a select association of scientists, researchers, faculty, students, and others engaged in comparative neurobiology as a field that integrates neurobiological findings from the study of various animals (humans, other vertebrates, invertebrates) and seeks to understand the universal principles of nervous system organization and function.&nbsp;<\/p>\n\n\n\n<p>The aim of the Society is to contribute to the all-round, comprehensive and systematic development of the neurobiological disciplines and to participate in the promotion and implementation of the results of scientific research and expert activity in these fields.&nbsp;<\/p>\n","protected":false},"excerpt":{"rendered":"<p>Spole\u010dnost pro komparativn\u00ed neurobiologii\u00a0 Spole\u010dnost pro komparativn\u00ed neurobiologii je v\u00fdb\u011brov\u00e9 sdru\u017een\u00ed v\u011bdeck\u00fdch, v\u011bdecko-pedagogick\u00fdch a odborn\u00fdch pracovn\u00edk\u016f, student\u016f a dal\u0161\u00edch osob zab\u00fdvaj\u00edc\u00edch se komparativn\u00ed neurobiologi\u00ed jako\u017eto oboru integruj\u00edc\u00edho neurobiologick\u00e9 poznatky ze &#8230;<\/p>\n","protected":false},"author":1,"featured_media":0,"parent":0,"menu_order":0,"comment_status":"closed","ping_status":"closed","template":"","meta":{"footnotes":""},"class_list":["post-9","page","type-page","status-publish","hentry"],"_links":{"self":[{"href":"https:\/\/scnb.bc.cas.cz\/index.php\/wp-json\/wp\/v2\/pages\/9","targetHints":{"allow":["GET"]}}],"collection":[{"href":"https:\/\/scnb.bc.cas.cz\/index.php\/wp-json\/wp\/v2\/pages"}],"about":[{"href":"https:\/\/scnb.bc.cas.cz\/index.php\/wp-json\/wp\/v2\/types\/page"}],"author":[{"embeddable":true,"href":"https:\/\/scnb.bc.cas.cz\/index.php\/wp-json\/wp\/v2\/users\/1"}],"replies":[{"embeddable":true,"href":"https:\/\/scnb.bc.cas.cz\/index.php\/wp-json\/wp\/v2\/comments?post=9"}],"version-history":[{"count":4,"href":"https:\/\/scnb.bc.cas.cz\/index.php\/wp-json\/wp\/v2\/pages\/9\/revisions"}],"predecessor-version":[{"id":60,"href":"https:\/\/scnb.bc.cas.cz\/index.php\/wp-json\/wp\/v2\/pages\/9\/revisions\/60"}],"wp:attachment":[{"href":"https:\/\/scnb.bc.cas.cz\/index.php\/wp-json\/wp\/v2\/media?parent=9"}],"curies":[{"name":"wp","href":"https:\/\/api.w.org\/{rel}","templated":true}]}}